{"id":719,"date":"2022-12-11T22:54:13","date_gmt":"2022-12-11T21:54:13","guid":{"rendered":"http:\/\/localhost\/mitieintegra.com\/cultura\/"},"modified":"2022-12-15T01:46:16","modified_gmt":"2022-12-15T00:46:16","slug":"cultura","status":"publish","type":"page","link":"https:\/\/mitieintegra.cat\/es\/cultura\/","title":{"rendered":"Cultura"},"content":{"rendered":"\t\t<div data-elementor-type=\"wp-page\" data-elementor-id=\"719\" class=\"elementor elementor-719 elementor-444\" data-elementor-post-type=\"page\">\n\t\t\t\t<div class=\"elementor-element elementor-element-af29434 e-con-full e-flex e-con e-parent\" data-id=\"af29434\" data-element_type=\"container\" data-e-type=\"container\">\n\t\t\t\t<div class=\"elementor-element elementor-element-81dd3af elementor-widget elementor-widget-template\" data-id=\"81dd3af\" data-element_type=\"widget\" data-e-type=\"widget\" data-widget_type=\"template.default\">\n\t\t\t\t<div class=\"elementor-widget-container\">\n\t\t\t\t\t\t\t<div class=\"elementor-template\">\n\t\t\t\t\t<div data-elementor-type=\"section\" data-elementor-id=\"17\" class=\"elementor elementor-17\" data-elementor-post-type=\"elementor_library\">\n\t\t\t<div class=\"elementor-element elementor-element-39db314 e-con-full e-flex e-con e-parent\" data-id=\"39db314\" data-element_type=\"container\" data-e-type=\"container\" data-settings=\"{&quot;background_background&quot;:&quot;classic&quot;}\">\n\t\t<div class=\"elementor-element elementor-element-f4086ff tittle e-flex e-con-boxed e-con e-child\" data-id=\"f4086ff\" data-element_type=\"container\" data-e-type=\"container\">\n\t\t\t\t\t<div class=\"e-con-inner\">\n\t\t\t\t\t<\/div>\n\t\t\t\t<\/div>\n\t\t\t\t<\/div>\n\t\t\t\t<\/div>\n\t\t\t\t<\/div>\n\t\t\t\t\t\t<\/div>\n\t\t\t\t<\/div>\n\t\t\t\t<\/div>\n\t\t<div class=\"elementor-element elementor-element-af1e03c e-flex e-con-boxed e-con e-parent\" data-id=\"af1e03c\" data-element_type=\"container\" data-e-type=\"container\">\n\t\t\t\t\t<div class=\"e-con-inner\">\n\t\t\t\t<div class=\"elementor-element elementor-element-b080b79 elementor-widget elementor-widget-text-editor\" data-id=\"b080b79\" data-element_type=\"widget\" data-e-type=\"widget\" data-widget_type=\"text-editor.default\">\n\t\t\t\t<div class=\"elementor-widget-container\">\n\t\t\t\t\t\t\t\t\t<p><span style=\"font-weight: 400;\">Nuestra premisa es simple: \u201ctrabajamos para ofrecer lo excepcional, todos los d\u00edas\u201d.<\/span><\/p>\n\t\t\t\t\t\t\t\t<\/div>\n\t\t\t\t<\/div>\n\t\t\t\t\t<\/div>\n\t\t\t\t<\/div>\n\t\t<div class=\"elementor-element elementor-element-3b576db e-flex e-con-boxed e-con e-parent\" data-id=\"3b576db\" data-element_type=\"container\" data-e-type=\"container\" data-settings=\"{&quot;background_background&quot;:&quot;classic&quot;}\">\n\t\t\t\t\t<div class=\"e-con-inner\">\n\t\t\t\t<div class=\"elementor-element elementor-element-7f6a2b8 elementor-widget elementor-widget-heading\" data-id=\"7f6a2b8\" data-element_type=\"widget\" data-e-type=\"widget\" data-widget_type=\"heading.default\">\n\t\t\t\t<div class=\"elementor-widget-container\">\n\t\t\t\t\t<h2 class=\"elementor-heading-title elementor-size-default\">\u201cServicios excepcionales, todos los d\u00edas\u201d<\/h2>\t\t\t\t<\/div>\n\t\t\t\t<\/div>\n\t\t\t\t<div class=\"elementor-element elementor-element-35e975b elementor-widget elementor-widget-text-editor\" data-id=\"35e975b\" data-element_type=\"widget\" data-e-type=\"widget\" data-widget_type=\"text-editor.default\">\n\t\t\t\t<div class=\"elementor-widget-container\">\n\t\t\t\t\t\t\t\t\t<p><span style=\"font-weight: 400;\">Es un compromiso que hacemos con nuestros clientes d\u00eda tras d\u00eda. Gu\u00eda a nuestros compa\u00f1eros para que sepan qu\u00e9 esperar unos de otros. En resumen, hace que Mitie Integra se esfuerce por ser lo mejor que podamos ser.<\/span><\/p>\n<p><span style=\"font-weight: 400;\">Somos un socio de confianza y utilizamos nuestra experiencia, cuidado, tecnolog\u00eda y conocimiento para crear entornos de trabajo ideales para nuestros clientes. Defendemos nuestra diversidad. Siempre nos esforzamos m\u00e1s de lo esperado para hacer el trabajo. La integridad y la confianza impulsan todo lo que hacemos.<\/span><\/p>\n\t\t\t\t\t\t\t\t<\/div>\n\t\t\t\t<\/div>\n\t\t\t\t<div class=\"elementor-element elementor-element-78efaf2 elementor-widget elementor-widget-toggle\" data-id=\"78efaf2\" data-element_type=\"widget\" data-e-type=\"widget\" data-widget_type=\"toggle.default\">\n\t\t\t\t<div class=\"elementor-widget-container\">\n\t\t\t\t\t\t\t<div class=\"elementor-toggle\">\n\t\t\t\t\t\t\t<div class=\"elementor-toggle-item\">\n\t\t\t\t\t<div id=\"elementor-tab-title-1261\" class=\"elementor-tab-title\" data-tab=\"1\" role=\"button\" aria-controls=\"elementor-tab-content-1261\" aria-expanded=\"false\">\n\t\t\t\t\t\t\t\t\t\t\t\t<span class=\"elementor-toggle-icon elementor-toggle-icon-right\" aria-hidden=\"true\">\n\t\t\t\t\t\t\t\t\t\t\t\t\t\t\t<span class=\"elementor-toggle-icon-closed\"><i class=\"fas fa-angle-down\"><\/i><\/span>\n\t\t\t\t\t\t\t\t<span class=\"elementor-toggle-icon-opened\"><i class=\"elementor-toggle-icon-opened fas fa-angle-up\"><\/i><\/span>\n\t\t\t\t\t\t\t\t\t\t\t\t\t<\/span>\n\t\t\t\t\t\t\t\t\t\t\t\t<a class=\"elementor-toggle-title\" tabindex=\"0\">\u201cNuestro prop\u00f3sito y promesas\u201d<\/a>\n\t\t\t\t\t<\/div>\n\n\t\t\t\t\t<div id=\"elementor-tab-content-1261\" class=\"elementor-tab-content elementor-clearfix\" data-tab=\"1\" role=\"region\" aria-labelledby=\"elementor-tab-title-1261\"><p><span style=\"font-weight: 400;\">Nuestra cultura se basa en nuestro prop\u00f3sito y promesas.<\/span><\/p>\n<p><b>Nuestro prop\u00f3sito<br \/><\/b><span style=\"font-weight: 400;\">Nuestra experiencia, cuidado, tecnolog\u00eda y conocimiento crean entornos de trabajo impecables, ayudando a nuestros clientes a ser excepcionales todos los d\u00edas.<\/span><\/p>\n<p><b>Nuestra promesa a nuestros empleados<br \/><\/b><span style=\"font-weight: 400;\">Un lugar donde puedes prosperar y sacar lo mejor de ti todos los d\u00edas<\/span><\/p>\n<p><b>Nuestra promesa a nuestros clientes<br \/><\/b><span style=\"font-weight: 400;\">Un socio de confianza que crea entornos excepcionales para sus clientes y su gente, agregando valor a sus resultados todos los d\u00edas<\/span><\/p>\n<\/div>\n\t\t\t\t<\/div>\n\t\t\t\t\t\t\t<div class=\"elementor-toggle-item\">\n\t\t\t\t\t<div id=\"elementor-tab-title-1262\" class=\"elementor-tab-title\" data-tab=\"2\" role=\"button\" aria-controls=\"elementor-tab-content-1262\" aria-expanded=\"false\">\n\t\t\t\t\t\t\t\t\t\t\t\t<span class=\"elementor-toggle-icon elementor-toggle-icon-right\" aria-hidden=\"true\">\n\t\t\t\t\t\t\t\t\t\t\t\t\t\t\t<span class=\"elementor-toggle-icon-closed\"><i class=\"fas fa-angle-down\"><\/i><\/span>\n\t\t\t\t\t\t\t\t<span class=\"elementor-toggle-icon-opened\"><i class=\"elementor-toggle-icon-opened fas fa-angle-up\"><\/i><\/span>\n\t\t\t\t\t\t\t\t\t\t\t\t\t<\/span>\n\t\t\t\t\t\t\t\t\t\t\t\t<a class=\"elementor-toggle-title\" tabindex=\"0\">\u201cNuestros valores\u201d<\/a>\n\t\t\t\t\t<\/div>\n\n\t\t\t\t\t<div id=\"elementor-tab-content-1262\" class=\"elementor-tab-content elementor-clearfix\" data-tab=\"2\" role=\"region\" aria-labelledby=\"elementor-tab-title-1262\"><p><span style=\"font-weight: 400;\">Hay cinco valores fundamentales que dan forma a c\u00f3mo nos comportamos:<\/span><\/p>\n<ul>\n<li style=\"font-weight: 400;\" aria-level=\"1\"><span style=\"font-weight: 400;\">Somos un solo Mitie Integra<\/span><\/li>\n<li style=\"font-weight: 400;\" aria-level=\"1\"><span style=\"font-weight: 400;\">Nos basamos en la integridad y la confianza<\/span><\/li>\n<li style=\"font-weight: 400;\" aria-level=\"1\"><span style=\"font-weight: 400;\">Nos esforzamos m\u00e1s de lo esperado<\/span><\/li>\n<li style=\"font-weight: 400;\" aria-level=\"1\"><span style=\"font-weight: 400;\">Nuestra diversidad nos hace m\u00e1s fuertes<\/span><\/li>\n<li style=\"font-weight: 400;\" aria-level=\"1\"><span style=\"font-weight: 400;\">El negocio de nuestros clientes, es nuestro negocio<\/span><\/li>\n<\/ul>\n<\/div>\n\t\t\t\t<\/div>\n\t\t\t\t\t\t\t<div class=\"elementor-toggle-item\">\n\t\t\t\t\t<div id=\"elementor-tab-title-1263\" class=\"elementor-tab-title\" data-tab=\"3\" role=\"button\" aria-controls=\"elementor-tab-content-1263\" aria-expanded=\"false\">\n\t\t\t\t\t\t\t\t\t\t\t\t<span class=\"elementor-toggle-icon elementor-toggle-icon-right\" aria-hidden=\"true\">\n\t\t\t\t\t\t\t\t\t\t\t\t\t\t\t<span class=\"elementor-toggle-icon-closed\"><i class=\"fas fa-angle-down\"><\/i><\/span>\n\t\t\t\t\t\t\t\t<span class=\"elementor-toggle-icon-opened\"><i class=\"elementor-toggle-icon-opened fas fa-angle-up\"><\/i><\/span>\n\t\t\t\t\t\t\t\t\t\t\t\t\t<\/span>\n\t\t\t\t\t\t\t\t\t\t\t\t<a class=\"elementor-toggle-title\" tabindex=\"0\">\u201cDiversidad e inclusi\u00f3n social\u201d<\/a>\n\t\t\t\t\t<\/div>\n\n\t\t\t\t\t<div id=\"elementor-tab-content-1263\" class=\"elementor-tab-content elementor-clearfix\" data-tab=\"3\" role=\"region\" aria-labelledby=\"elementor-tab-title-1263\"><p><span style=\"font-weight: 400;\">Creemos que la diversidad de nuestra gente nos hace m\u00e1s fuertes, present\u00e1ndonos nuevas formas de pensar. Tambi\u00e9n creemos que todos deber\u00edan tener la oportunidad de progresar.<\/span><\/p>\n<p><span style=\"font-weight: 400;\">Estamos orgullosos de ser reconocidos como Voluntario corporativo con la Cruz Roja.<\/span><\/p>\n<\/div>\n\t\t\t\t<\/div>\n\t\t\t\t\t\t\t\t<\/div>\n\t\t\t\t\t\t<\/div>\n\t\t\t\t<\/div>\n\t\t\t\t\t<\/div>\n\t\t\t\t<\/div>\n\t\t\t\t<\/div>\n\t\t","protected":false},"excerpt":{"rendered":"<p>Nuestra premisa es simple: \u201ctrabajamos para ofrecer lo excepcional, todos los d\u00edas\u201d. \u201cServicios excepcionales, todos los d\u00edas\u201d Es un compromiso que hacemos con nuestros clientes d\u00eda tras d\u00eda. Gu\u00eda a nuestros compa\u00f1eros para que sepan qu\u00e9 esperar unos de otros. En resumen, hace que Mitie Integra se esfuerce por ser lo mejor que podamos ser. &#8230; <a title=\"Cultura\" class=\"read-more\" href=\"https:\/\/mitieintegra.cat\/es\/cultura\/\" aria-label=\"Read more about Cultura\">Read more<\/a><\/p>\n","protected":false},"author":1,"featured_media":0,"parent":0,"menu_order":0,"comment_status":"closed","ping_status":"closed","template":"elementor_header_footer","meta":{"_acf_changed":false,"footnotes":""},"class_list":["post-719","page","type-page","status-publish"],"acf":[],"yoast_head":"<!-- This site is optimized with the Yoast SEO plugin v27.3 - https:\/\/yoast.com\/product\/yoast-seo-wordpress\/ -->\n<title>Cultura - Mitie Integra<\/title>\n<meta name=\"robots\" content=\"index, follow, max-snippet:-1, max-image-preview:large, max-video-preview:-1\" \/>\n<link rel=\"canonical\" href=\"https:\/\/mitieintegra.cat\/es\/cultura\/\" \/>\n<meta property=\"og:locale\" content=\"es_ES\" \/>\n<meta property=\"og:type\" content=\"article\" \/>\n<meta property=\"og:title\" content=\"Cultura - Mitie Integra\" \/>\n<meta property=\"og:description\" content=\"Nuestra premisa es simple: \u201ctrabajamos para ofrecer lo excepcional, todos los d\u00edas\u201d. \u201cServicios excepcionales, todos los d\u00edas\u201d Es un compromiso que hacemos con nuestros clientes d\u00eda tras d\u00eda. Gu\u00eda a nuestros compa\u00f1eros para que sepan qu\u00e9 esperar unos de otros. En resumen, hace que Mitie Integra se esfuerce por ser lo mejor que podamos ser. ... Read more\" \/>\n<meta property=\"og:url\" content=\"https:\/\/mitieintegra.cat\/es\/cultura\/\" \/>\n<meta property=\"og:site_name\" content=\"Mitie Integra\" \/>\n<meta property=\"article:modified_time\" content=\"2022-12-15T00:46:16+00:00\" \/>\n<meta name=\"twitter:card\" content=\"summary_large_image\" \/>\n<meta name=\"twitter:label1\" content=\"Est. reading time\" \/>\n\t<meta name=\"twitter:data1\" content=\"1 minute\" \/>\n<script type=\"application\/ld+json\" class=\"yoast-schema-graph\">{\"@context\":\"https:\\\/\\\/schema.org\",\"@graph\":[{\"@type\":\"WebPage\",\"@id\":\"https:\\\/\\\/mitieintegra.cat\\\/es\\\/cultura\\\/\",\"url\":\"https:\\\/\\\/mitieintegra.cat\\\/es\\\/cultura\\\/\",\"name\":\"Cultura - Mitie Integra\",\"isPartOf\":{\"@id\":\"https:\\\/\\\/mitieintegra.cat\\\/#website\"},\"datePublished\":\"2022-12-11T21:54:13+00:00\",\"dateModified\":\"2022-12-15T00:46:16+00:00\",\"breadcrumb\":{\"@id\":\"https:\\\/\\\/mitieintegra.cat\\\/es\\\/cultura\\\/#breadcrumb\"},\"inLanguage\":\"es-ES\",\"potentialAction\":[{\"@type\":\"ReadAction\",\"target\":[\"https:\\\/\\\/mitieintegra.cat\\\/es\\\/cultura\\\/\"]}]},{\"@type\":\"BreadcrumbList\",\"@id\":\"https:\\\/\\\/mitieintegra.cat\\\/es\\\/cultura\\\/#breadcrumb\",\"itemListElement\":[{\"@type\":\"ListItem\",\"position\":1,\"name\":\"Inici\",\"item\":\"https:\\\/\\\/mitieintegra.cat\\\/es\\\/\"},{\"@type\":\"ListItem\",\"position\":2,\"name\":\"Cultura\"}]},{\"@type\":\"WebSite\",\"@id\":\"https:\\\/\\\/mitieintegra.cat\\\/#website\",\"url\":\"https:\\\/\\\/mitieintegra.cat\\\/\",\"name\":\"Mitie Integra\",\"description\":\"\",\"publisher\":{\"@id\":\"https:\\\/\\\/mitieintegra.cat\\\/#organization\"},\"potentialAction\":[{\"@type\":\"SearchAction\",\"target\":{\"@type\":\"EntryPoint\",\"urlTemplate\":\"https:\\\/\\\/mitieintegra.cat\\\/?s={search_term_string}\"},\"query-input\":{\"@type\":\"PropertyValueSpecification\",\"valueRequired\":true,\"valueName\":\"search_term_string\"}}],\"inLanguage\":\"es-ES\"},{\"@type\":\"Organization\",\"@id\":\"https:\\\/\\\/mitieintegra.cat\\\/#organization\",\"name\":\"Mitie Integra\",\"url\":\"https:\\\/\\\/mitieintegra.cat\\\/\",\"logo\":{\"@type\":\"ImageObject\",\"inLanguage\":\"es-ES\",\"@id\":\"https:\\\/\\\/mitieintegra.cat\\\/#\\\/schema\\\/logo\\\/image\\\/\",\"url\":\"https:\\\/\\\/mitieintegra.cat\\\/wp-content\\\/uploads\\\/2022\\\/12\\\/cropped-Logo-Mitie.png\",\"contentUrl\":\"https:\\\/\\\/mitieintegra.cat\\\/wp-content\\\/uploads\\\/2022\\\/12\\\/cropped-Logo-Mitie.png\",\"width\":259,\"height\":35,\"caption\":\"Mitie Integra\"},\"image\":{\"@id\":\"https:\\\/\\\/mitieintegra.cat\\\/#\\\/schema\\\/logo\\\/image\\\/\"}}]}<\/script>\n<!-- \/ Yoast SEO plugin. -->","yoast_head_json":{"title":"Cultura - Mitie Integra","robots":{"index":"index","follow":"follow","max-snippet":"max-snippet:-1","max-image-preview":"max-image-preview:large","max-video-preview":"max-video-preview:-1"},"canonical":"https:\/\/mitieintegra.cat\/es\/cultura\/","og_locale":"es_ES","og_type":"article","og_title":"Cultura - Mitie Integra","og_description":"Nuestra premisa es simple: \u201ctrabajamos para ofrecer lo excepcional, todos los d\u00edas\u201d. \u201cServicios excepcionales, todos los d\u00edas\u201d Es un compromiso que hacemos con nuestros clientes d\u00eda tras d\u00eda. Gu\u00eda a nuestros compa\u00f1eros para que sepan qu\u00e9 esperar unos de otros. En resumen, hace que Mitie Integra se esfuerce por ser lo mejor que podamos ser. ... Read more","og_url":"https:\/\/mitieintegra.cat\/es\/cultura\/","og_site_name":"Mitie Integra","article_modified_time":"2022-12-15T00:46:16+00:00","twitter_card":"summary_large_image","twitter_misc":{"Est. reading time":"1 minute"},"schema":{"@context":"https:\/\/schema.org","@graph":[{"@type":"WebPage","@id":"https:\/\/mitieintegra.cat\/es\/cultura\/","url":"https:\/\/mitieintegra.cat\/es\/cultura\/","name":"Cultura - Mitie Integra","isPartOf":{"@id":"https:\/\/mitieintegra.cat\/#website"},"datePublished":"2022-12-11T21:54:13+00:00","dateModified":"2022-12-15T00:46:16+00:00","breadcrumb":{"@id":"https:\/\/mitieintegra.cat\/es\/cultura\/#breadcrumb"},"inLanguage":"es-ES","potentialAction":[{"@type":"ReadAction","target":["https:\/\/mitieintegra.cat\/es\/cultura\/"]}]},{"@type":"BreadcrumbList","@id":"https:\/\/mitieintegra.cat\/es\/cultura\/#breadcrumb","itemListElement":[{"@type":"ListItem","position":1,"name":"Inici","item":"https:\/\/mitieintegra.cat\/es\/"},{"@type":"ListItem","position":2,"name":"Cultura"}]},{"@type":"WebSite","@id":"https:\/\/mitieintegra.cat\/#website","url":"https:\/\/mitieintegra.cat\/","name":"Mitie Integra","description":"","publisher":{"@id":"https:\/\/mitieintegra.cat\/#organization"},"potentialAction":[{"@type":"SearchAction","target":{"@type":"EntryPoint","urlTemplate":"https:\/\/mitieintegra.cat\/?s={search_term_string}"},"query-input":{"@type":"PropertyValueSpecification","valueRequired":true,"valueName":"search_term_string"}}],"inLanguage":"es-ES"},{"@type":"Organization","@id":"https:\/\/mitieintegra.cat\/#organization","name":"Mitie Integra","url":"https:\/\/mitieintegra.cat\/","logo":{"@type":"ImageObject","inLanguage":"es-ES","@id":"https:\/\/mitieintegra.cat\/#\/schema\/logo\/image\/","url":"https:\/\/mitieintegra.cat\/wp-content\/uploads\/2022\/12\/cropped-Logo-Mitie.png","contentUrl":"https:\/\/mitieintegra.cat\/wp-content\/uploads\/2022\/12\/cropped-Logo-Mitie.png","width":259,"height":35,"caption":"Mitie Integra"},"image":{"@id":"https:\/\/mitieintegra.cat\/#\/schema\/logo\/image\/"}}]}},"_links":{"self":[{"href":"https:\/\/mitieintegra.cat\/es\/wp-json\/wp\/v2\/pages\/719","targetHints":{"allow":["GET"]}}],"collection":[{"href":"https:\/\/mitieintegra.cat\/es\/wp-json\/wp\/v2\/pages"}],"about":[{"href":"https:\/\/mitieintegra.cat\/es\/wp-json\/wp\/v2\/types\/page"}],"author":[{"embeddable":true,"href":"https:\/\/mitieintegra.cat\/es\/wp-json\/wp\/v2\/users\/1"}],"replies":[{"embeddable":true,"href":"https:\/\/mitieintegra.cat\/es\/wp-json\/wp\/v2\/comments?post=719"}],"version-history":[{"count":0,"href":"https:\/\/mitieintegra.cat\/es\/wp-json\/wp\/v2\/pages\/719\/revisions"}],"wp:attachment":[{"href":"https:\/\/mitieintegra.cat\/es\/wp-json\/wp\/v2\/media?parent=719"}],"curies":[{"name":"wp","href":"https:\/\/api.w.org\/{rel}","templated":true}]}}