{"id":721,"date":"2022-12-11T14:28:33","date_gmt":"2022-12-11T13:28:33","guid":{"rendered":"http:\/\/localhost\/mitieintegra.com\/seguridad-y-salud\/"},"modified":"2022-12-14T00:36:17","modified_gmt":"2022-12-13T23:36:17","slug":"seguridad-y-salud","status":"publish","type":"page","link":"https:\/\/mitieintegra.cat\/es\/seguridad-y-salud\/","title":{"rendered":"Seguridad y salud"},"content":{"rendered":"\t\t<div data-elementor-type=\"wp-page\" data-elementor-id=\"721\" class=\"elementor elementor-721 elementor-280\" data-elementor-post-type=\"page\">\n\t\t\t\t<div class=\"elementor-element elementor-element-42b959f e-con-full e-flex e-con e-parent\" data-id=\"42b959f\" data-element_type=\"container\" data-e-type=\"container\">\n\t\t\t\t<div class=\"elementor-element elementor-element-c4f0a52 elementor-widget elementor-widget-template\" data-id=\"c4f0a52\" data-element_type=\"widget\" data-e-type=\"widget\" data-widget_type=\"template.default\">\n\t\t\t\t<div class=\"elementor-widget-container\">\n\t\t\t\t\t\t\t<div class=\"elementor-template\">\n\t\t\t\t\t<div data-elementor-type=\"section\" data-elementor-id=\"17\" class=\"elementor elementor-17\" data-elementor-post-type=\"elementor_library\">\n\t\t\t<div class=\"elementor-element elementor-element-39db314 e-con-full e-flex e-con e-parent\" data-id=\"39db314\" data-element_type=\"container\" data-e-type=\"container\" data-settings=\"{&quot;background_background&quot;:&quot;classic&quot;}\">\n\t\t<div class=\"elementor-element elementor-element-f4086ff tittle e-flex e-con-boxed e-con e-child\" data-id=\"f4086ff\" data-element_type=\"container\" data-e-type=\"container\">\n\t\t\t\t\t<div class=\"e-con-inner\">\n\t\t\t\t\t<\/div>\n\t\t\t\t<\/div>\n\t\t\t\t<\/div>\n\t\t\t\t<\/div>\n\t\t\t\t<\/div>\n\t\t\t\t\t\t<\/div>\n\t\t\t\t<\/div>\n\t\t\t\t<\/div>\n\t\t<div class=\"elementor-element elementor-element-e0212b1 e-flex e-con-boxed e-con e-parent\" data-id=\"e0212b1\" data-element_type=\"container\" data-e-type=\"container\">\n\t\t\t\t\t<div class=\"e-con-inner\">\n\t\t<div class=\"elementor-element elementor-element-db3ce1b e-flex e-con-boxed e-con e-parent\" data-id=\"db3ce1b\" data-element_type=\"container\" data-e-type=\"container\">\n\t\t\t\t\t<div class=\"e-con-inner\">\n\t\t\t\t<div class=\"elementor-element elementor-element-23fba34 elementor-widget elementor-widget-heading\" data-id=\"23fba34\" data-element_type=\"widget\" data-e-type=\"widget\" data-widget_type=\"heading.default\">\n\t\t\t\t<div class=\"elementor-widget-container\">\n\t\t\t\t\t<h2 class=\"elementor-heading-title elementor-size-default\">Trabajamos d\u00eda a d\u00eda en nuestra cultura de seguridad laboral y salud\n<\/h2>\t\t\t\t<\/div>\n\t\t\t\t<\/div>\n\t\t\t\t<div class=\"elementor-element elementor-element-6955197 elementor-widget elementor-widget-text-editor\" data-id=\"6955197\" data-element_type=\"widget\" data-e-type=\"widget\" data-widget_type=\"text-editor.default\">\n\t\t\t\t<div class=\"elementor-widget-container\">\n\t\t\t\t\t\t\t\t\t<p><span style=\"font-weight: 400;\">Para Mitie Integra, es muy importante crear entornos de trabajo seguros, ofreciendo la m\u00e1xima seguridad laboral a todos nuestros empleados, clientes y usuarios de las instalaciones en las que operamos.<\/span><\/p>\n<p><span style=\"font-weight: 400;\">Contamos con una pol\u00edtica certificada en materia de calidad, medidas de seguridad y salud en el trabajo y cuidado del medioambiente, que establece unos protocolos de trabajo para garantizar la seguridad en todo momento. Para Mitie Integra, las personas con las que trabajamos son lo m\u00e1s importante.<\/span><\/p>\n\t\t\t\t\t\t\t\t<\/div>\n\t\t\t\t<\/div>\n\t\t\t\t\t<\/div>\n\t\t\t\t<\/div>\n\t\t<div class=\"elementor-element elementor-element-d777ebc e-flex e-con-boxed e-con e-parent\" data-id=\"d777ebc\" data-element_type=\"container\" data-e-type=\"container\">\n\t\t\t\t\t<div class=\"e-con-inner\">\n\t\t\t\t<div class=\"elementor-element elementor-element-007a086 elementor-widget elementor-widget-heading\" data-id=\"007a086\" data-element_type=\"widget\" data-e-type=\"widget\" data-widget_type=\"heading.default\">\n\t\t\t\t<div class=\"elementor-widget-container\">\n\t\t\t\t\t<h2 class=\"elementor-heading-title elementor-size-default\">Seguridad y salud laboral. \u00bfQu\u00e9 es seguridad en el trabajo con Mitie Integra? \n<\/h2>\t\t\t\t<\/div>\n\t\t\t\t<\/div>\n\t\t\t\t<div class=\"elementor-element elementor-element-3e9deaa elementor-widget elementor-widget-text-editor\" data-id=\"3e9deaa\" data-element_type=\"widget\" data-e-type=\"widget\" data-widget_type=\"text-editor.default\">\n\t\t\t\t<div class=\"elementor-widget-container\">\n\t\t\t\t\t\t\t\t\t<p><span style=\"font-weight: 400;\">Nuestro objetivo es eliminar por completo los accidentes laborables. Como medida de prevenci\u00f3n laboral, hemos creado nuestra cultura de \u201cCero Accidentes\u201d junto a una fuerte apuesta por la seguridad y salud en el trabajo. Todo ello respaldado por nuestro programa de seguridad conductual. Este es un programa en el que nos comprometemos con la gesti\u00f3n de riesgos y la protecci\u00f3n de los activos, dirigi\u00e9ndolo con una estructura fuerte y cerrada en prevenci\u00f3n de riesgos laborales. Nuestro objetivo es reducir la posibilidad de sufrir un accidente al m\u00e1ximo posible, implementado todas las medidas de seguridad necesarias para crear un ambiente laboral 100% seguro.<\/span><\/p>\n<p><span style=\"font-weight: 400;\">Con expertos en nuestro campo, aseguramos transparencia, responsabilidad e integridad en todo lo que hacemos.<\/span><\/p>\n\t\t\t\t\t\t\t\t<\/div>\n\t\t\t\t<\/div>\n\t\t\t\t\t<\/div>\n\t\t\t\t<\/div>\n\t\t\t\t\t<\/div>\n\t\t\t\t<\/div>\n\t\t\t\t<\/div>\n\t\t","protected":false},"excerpt":{"rendered":"<p>Trabajamos d\u00eda a d\u00eda en nuestra cultura de seguridad laboral y salud Para Mitie Integra, es muy importante crear entornos de trabajo seguros, ofreciendo la m\u00e1xima seguridad laboral a todos nuestros empleados, clientes y usuarios de las instalaciones en las que operamos. Contamos con una pol\u00edtica certificada en materia de calidad, medidas de seguridad y &#8230; <a title=\"Seguridad y salud\" class=\"read-more\" href=\"https:\/\/mitieintegra.cat\/es\/seguridad-y-salud\/\" aria-label=\"Read more about Seguridad y salud\">Read more<\/a><\/p>\n","protected":false},"author":1,"featured_media":0,"parent":0,"menu_order":0,"comment_status":"closed","ping_status":"closed","template":"elementor_header_footer","meta":{"_acf_changed":false,"footnotes":""},"class_list":["post-721","page","type-page","status-publish"],"acf":[],"yoast_head":"<!-- This site is optimized with the Yoast SEO plugin v27.6 - https:\/\/yoast.com\/product\/yoast-seo-wordpress\/ -->\n<title>Seguridad y salud - Mitie Integra<\/title>\n<meta name=\"robots\" content=\"index, follow, max-snippet:-1, max-image-preview:large, max-video-preview:-1\" \/>\n<link rel=\"canonical\" href=\"https:\/\/mitieintegra.cat\/es\/seguridad-y-salud\/\" \/>\n<meta property=\"og:locale\" content=\"es_ES\" \/>\n<meta property=\"og:type\" content=\"article\" \/>\n<meta property=\"og:title\" content=\"Seguridad y salud - Mitie Integra\" \/>\n<meta property=\"og:description\" content=\"Trabajamos d\u00eda a d\u00eda en nuestra cultura de seguridad laboral y salud Para Mitie Integra, es muy importante crear entornos de trabajo seguros, ofreciendo la m\u00e1xima seguridad laboral a todos nuestros empleados, clientes y usuarios de las instalaciones en las que operamos. Contamos con una pol\u00edtica certificada en materia de calidad, medidas de seguridad y ... Read more\" \/>\n<meta property=\"og:url\" content=\"https:\/\/mitieintegra.cat\/es\/seguridad-y-salud\/\" \/>\n<meta property=\"og:site_name\" content=\"Mitie Integra\" \/>\n<meta property=\"article:modified_time\" content=\"2022-12-13T23:36:17+00:00\" \/>\n<meta name=\"twitter:card\" content=\"summary_large_image\" \/>\n<meta name=\"twitter:label1\" content=\"Est. reading time\" \/>\n\t<meta name=\"twitter:data1\" content=\"1 minute\" \/>\n<script type=\"application\/ld+json\" class=\"yoast-schema-graph\">{\"@context\":\"https:\\\/\\\/schema.org\",\"@graph\":[{\"@type\":\"WebPage\",\"@id\":\"https:\\\/\\\/mitieintegra.cat\\\/es\\\/seguridad-y-salud\\\/\",\"url\":\"https:\\\/\\\/mitieintegra.cat\\\/es\\\/seguridad-y-salud\\\/\",\"name\":\"Seguridad y salud - Mitie Integra\",\"isPartOf\":{\"@id\":\"https:\\\/\\\/mitieintegra.cat\\\/#website\"},\"datePublished\":\"2022-12-11T13:28:33+00:00\",\"dateModified\":\"2022-12-13T23:36:17+00:00\",\"breadcrumb\":{\"@id\":\"https:\\\/\\\/mitieintegra.cat\\\/es\\\/seguridad-y-salud\\\/#breadcrumb\"},\"inLanguage\":\"es-ES\",\"potentialAction\":[{\"@type\":\"ReadAction\",\"target\":[\"https:\\\/\\\/mitieintegra.cat\\\/es\\\/seguridad-y-salud\\\/\"]}]},{\"@type\":\"BreadcrumbList\",\"@id\":\"https:\\\/\\\/mitieintegra.cat\\\/es\\\/seguridad-y-salud\\\/#breadcrumb\",\"itemListElement\":[{\"@type\":\"ListItem\",\"position\":1,\"name\":\"Inici\",\"item\":\"https:\\\/\\\/mitieintegra.cat\\\/es\\\/\"},{\"@type\":\"ListItem\",\"position\":2,\"name\":\"Seguridad y salud\"}]},{\"@type\":\"WebSite\",\"@id\":\"https:\\\/\\\/mitieintegra.cat\\\/#website\",\"url\":\"https:\\\/\\\/mitieintegra.cat\\\/\",\"name\":\"Mitie Integra\",\"description\":\"\",\"publisher\":{\"@id\":\"https:\\\/\\\/mitieintegra.cat\\\/#organization\"},\"potentialAction\":[{\"@type\":\"SearchAction\",\"target\":{\"@type\":\"EntryPoint\",\"urlTemplate\":\"https:\\\/\\\/mitieintegra.cat\\\/?s={search_term_string}\"},\"query-input\":{\"@type\":\"PropertyValueSpecification\",\"valueRequired\":true,\"valueName\":\"search_term_string\"}}],\"inLanguage\":\"es-ES\"},{\"@type\":\"Organization\",\"@id\":\"https:\\\/\\\/mitieintegra.cat\\\/#organization\",\"name\":\"Mitie Integra\",\"url\":\"https:\\\/\\\/mitieintegra.cat\\\/\",\"logo\":{\"@type\":\"ImageObject\",\"inLanguage\":\"es-ES\",\"@id\":\"https:\\\/\\\/mitieintegra.cat\\\/#\\\/schema\\\/logo\\\/image\\\/\",\"url\":\"https:\\\/\\\/mitieintegra.cat\\\/wp-content\\\/uploads\\\/2022\\\/12\\\/cropped-Logo-Mitie.png\",\"contentUrl\":\"https:\\\/\\\/mitieintegra.cat\\\/wp-content\\\/uploads\\\/2022\\\/12\\\/cropped-Logo-Mitie.png\",\"width\":259,\"height\":35,\"caption\":\"Mitie Integra\"},\"image\":{\"@id\":\"https:\\\/\\\/mitieintegra.cat\\\/#\\\/schema\\\/logo\\\/image\\\/\"}}]}<\/script>\n<!-- \/ Yoast SEO plugin. -->","yoast_head_json":{"title":"Seguridad y salud - Mitie Integra","robots":{"index":"index","follow":"follow","max-snippet":"max-snippet:-1","max-image-preview":"max-image-preview:large","max-video-preview":"max-video-preview:-1"},"canonical":"https:\/\/mitieintegra.cat\/es\/seguridad-y-salud\/","og_locale":"es_ES","og_type":"article","og_title":"Seguridad y salud - Mitie Integra","og_description":"Trabajamos d\u00eda a d\u00eda en nuestra cultura de seguridad laboral y salud Para Mitie Integra, es muy importante crear entornos de trabajo seguros, ofreciendo la m\u00e1xima seguridad laboral a todos nuestros empleados, clientes y usuarios de las instalaciones en las que operamos. Contamos con una pol\u00edtica certificada en materia de calidad, medidas de seguridad y ... Read more","og_url":"https:\/\/mitieintegra.cat\/es\/seguridad-y-salud\/","og_site_name":"Mitie Integra","article_modified_time":"2022-12-13T23:36:17+00:00","twitter_card":"summary_large_image","twitter_misc":{"Est. reading time":"1 minute"},"schema":{"@context":"https:\/\/schema.org","@graph":[{"@type":"WebPage","@id":"https:\/\/mitieintegra.cat\/es\/seguridad-y-salud\/","url":"https:\/\/mitieintegra.cat\/es\/seguridad-y-salud\/","name":"Seguridad y salud - Mitie Integra","isPartOf":{"@id":"https:\/\/mitieintegra.cat\/#website"},"datePublished":"2022-12-11T13:28:33+00:00","dateModified":"2022-12-13T23:36:17+00:00","breadcrumb":{"@id":"https:\/\/mitieintegra.cat\/es\/seguridad-y-salud\/#breadcrumb"},"inLanguage":"es-ES","potentialAction":[{"@type":"ReadAction","target":["https:\/\/mitieintegra.cat\/es\/seguridad-y-salud\/"]}]},{"@type":"BreadcrumbList","@id":"https:\/\/mitieintegra.cat\/es\/seguridad-y-salud\/#breadcrumb","itemListElement":[{"@type":"ListItem","position":1,"name":"Inici","item":"https:\/\/mitieintegra.cat\/es\/"},{"@type":"ListItem","position":2,"name":"Seguridad y salud"}]},{"@type":"WebSite","@id":"https:\/\/mitieintegra.cat\/#website","url":"https:\/\/mitieintegra.cat\/","name":"Mitie Integra","description":"","publisher":{"@id":"https:\/\/mitieintegra.cat\/#organization"},"potentialAction":[{"@type":"SearchAction","target":{"@type":"EntryPoint","urlTemplate":"https:\/\/mitieintegra.cat\/?s={search_term_string}"},"query-input":{"@type":"PropertyValueSpecification","valueRequired":true,"valueName":"search_term_string"}}],"inLanguage":"es-ES"},{"@type":"Organization","@id":"https:\/\/mitieintegra.cat\/#organization","name":"Mitie Integra","url":"https:\/\/mitieintegra.cat\/","logo":{"@type":"ImageObject","inLanguage":"es-ES","@id":"https:\/\/mitieintegra.cat\/#\/schema\/logo\/image\/","url":"https:\/\/mitieintegra.cat\/wp-content\/uploads\/2022\/12\/cropped-Logo-Mitie.png","contentUrl":"https:\/\/mitieintegra.cat\/wp-content\/uploads\/2022\/12\/cropped-Logo-Mitie.png","width":259,"height":35,"caption":"Mitie Integra"},"image":{"@id":"https:\/\/mitieintegra.cat\/#\/schema\/logo\/image\/"}}]}},"_links":{"self":[{"href":"https:\/\/mitieintegra.cat\/es\/wp-json\/wp\/v2\/pages\/721","targetHints":{"allow":["GET"]}}],"collection":[{"href":"https:\/\/mitieintegra.cat\/es\/wp-json\/wp\/v2\/pages"}],"about":[{"href":"https:\/\/mitieintegra.cat\/es\/wp-json\/wp\/v2\/types\/page"}],"author":[{"embeddable":true,"href":"https:\/\/mitieintegra.cat\/es\/wp-json\/wp\/v2\/users\/1"}],"replies":[{"embeddable":true,"href":"https:\/\/mitieintegra.cat\/es\/wp-json\/wp\/v2\/comments?post=721"}],"version-history":[{"count":0,"href":"https:\/\/mitieintegra.cat\/es\/wp-json\/wp\/v2\/pages\/721\/revisions"}],"wp:attachment":[{"href":"https:\/\/mitieintegra.cat\/es\/wp-json\/wp\/v2\/media?parent=721"}],"curies":[{"name":"wp","href":"https:\/\/api.w.org\/{rel}","templated":true}]}}