{"id":737,"date":"2022-12-11T23:59:44","date_gmt":"2022-12-11T22:59:44","guid":{"rendered":"http:\/\/localhost\/mitieintegra.com\/valor-social-y-negocio-responsable\/"},"modified":"2022-12-15T01:46:16","modified_gmt":"2022-12-15T00:46:16","slug":"valor-social-y-negocio-responsable","status":"publish","type":"page","link":"https:\/\/mitieintegra.cat\/es\/valor-social-y-negocio-responsable\/","title":{"rendered":"Valor social y Negocio Responsable"},"content":{"rendered":"\t\t<div data-elementor-type=\"wp-page\" data-elementor-id=\"737\" class=\"elementor elementor-737 elementor-459\" data-elementor-post-type=\"page\">\n\t\t\t\t<div class=\"elementor-element elementor-element-8f549d9 e-con-full e-flex e-con e-parent\" data-id=\"8f549d9\" data-element_type=\"container\" data-e-type=\"container\">\n\t\t\t\t<div class=\"elementor-element elementor-element-1649ea6 elementor-widget elementor-widget-template\" data-id=\"1649ea6\" data-element_type=\"widget\" data-e-type=\"widget\" data-widget_type=\"template.default\">\n\t\t\t\t<div class=\"elementor-widget-container\">\n\t\t\t\t\t\t\t<div class=\"elementor-template\">\n\t\t\t\t\t<div data-elementor-type=\"section\" data-elementor-id=\"17\" class=\"elementor elementor-17\" data-elementor-post-type=\"elementor_library\">\n\t\t\t<div class=\"elementor-element elementor-element-39db314 e-con-full e-flex e-con e-parent\" data-id=\"39db314\" data-element_type=\"container\" data-e-type=\"container\" data-settings=\"{&quot;background_background&quot;:&quot;classic&quot;}\">\n\t\t<div class=\"elementor-element elementor-element-f4086ff tittle e-flex e-con-boxed e-con e-child\" data-id=\"f4086ff\" data-element_type=\"container\" data-e-type=\"container\">\n\t\t\t\t\t<div class=\"e-con-inner\">\n\t\t\t\t\t<\/div>\n\t\t\t\t<\/div>\n\t\t\t\t<\/div>\n\t\t\t\t<\/div>\n\t\t\t\t<\/div>\n\t\t\t\t\t\t<\/div>\n\t\t\t\t<\/div>\n\t\t\t\t<\/div>\n\t\t<div class=\"elementor-element elementor-element-8f16c80 e-flex e-con-boxed e-con e-parent\" data-id=\"8f16c80\" data-element_type=\"container\" data-e-type=\"container\">\n\t\t\t\t\t<div class=\"e-con-inner\">\n\t\t\t\t<div class=\"elementor-element elementor-element-68f6da9 elementor-widget elementor-widget-text-editor\" data-id=\"68f6da9\" data-element_type=\"widget\" data-e-type=\"widget\" data-widget_type=\"text-editor.default\">\n\t\t\t\t<div class=\"elementor-widget-container\">\n\t\t\t\t\t\t\t\t\t<p><span style=\"font-weight: 400;\">Como empresa responsable que abraza los Objetivos de Desarrollo Sostenible de la ONU, buscamos desbloquear el valor social que crea impactos econ\u00f3micos, ambientales y sociales positivos. Nuestra determinaci\u00f3n asegura que cumplimos con nuestro papel de prestar servicios excepcionales, todos los d\u00edas, para nuestros clientes, nuestra gente, las comunidades que apoyamos y el mundo en el que vivimos.<\/span><\/p>\n\t\t\t\t\t\t\t\t<\/div>\n\t\t\t\t<\/div>\n\t\t\t\t\t<\/div>\n\t\t\t\t<\/div>\n\t\t<div class=\"elementor-element elementor-element-e1b3409 e-flex e-con-boxed e-con e-parent\" data-id=\"e1b3409\" data-element_type=\"container\" data-e-type=\"container\" data-settings=\"{&quot;background_background&quot;:&quot;classic&quot;}\">\n\t\t\t\t\t<div class=\"e-con-inner\">\n\t\t\t\t<div class=\"elementor-element elementor-element-4656c58 elementor-widget elementor-widget-heading\" data-id=\"4656c58\" data-element_type=\"widget\" data-e-type=\"widget\" data-widget_type=\"heading.default\">\n\t\t\t\t<div class=\"elementor-widget-container\">\n\t\t\t\t\t<h2 class=\"elementor-heading-title elementor-size-default\">Nuestro enfoque de valor social<\/h2>\t\t\t\t<\/div>\n\t\t\t\t<\/div>\n\t\t\t\t<div class=\"elementor-element elementor-element-9060960 elementor-widget elementor-widget-text-editor\" data-id=\"9060960\" data-element_type=\"widget\" data-e-type=\"widget\" data-widget_type=\"text-editor.default\">\n\t\t\t\t<div class=\"elementor-widget-container\">\n\t\t\t\t\t\t\t\t\t<p><span style=\"font-weight: 400;\">Para garantizar el m\u00e1ximo impacto positivo, dividimos nuestros compromisos de valor social en cinco pilares clave, que conforman el Marco de Valor Social de la organizaci\u00f3n.<\/span><\/p>\n\t\t\t\t\t\t\t\t<\/div>\n\t\t\t\t<\/div>\n\t\t\t\t<div class=\"elementor-element elementor-element-08c623d elementor-widget elementor-widget-toggle\" data-id=\"08c623d\" data-element_type=\"widget\" data-e-type=\"widget\" data-widget_type=\"toggle.default\">\n\t\t\t\t<div class=\"elementor-widget-container\">\n\t\t\t\t\t\t\t<div class=\"elementor-toggle\">\n\t\t\t\t\t\t\t<div class=\"elementor-toggle-item\">\n\t\t\t\t\t<div id=\"elementor-tab-title-9201\" class=\"elementor-tab-title\" data-tab=\"1\" role=\"button\" aria-controls=\"elementor-tab-content-9201\" aria-expanded=\"false\">\n\t\t\t\t\t\t\t\t\t\t\t\t<span class=\"elementor-toggle-icon elementor-toggle-icon-right\" aria-hidden=\"true\">\n\t\t\t\t\t\t\t\t\t\t\t\t\t\t\t<span class=\"elementor-toggle-icon-closed\"><i class=\"fas fa-angle-down\"><\/i><\/span>\n\t\t\t\t\t\t\t\t<span class=\"elementor-toggle-icon-opened\"><i class=\"elementor-toggle-icon-opened fas fa-angle-up\"><\/i><\/span>\n\t\t\t\t\t\t\t\t\t\t\t\t\t<\/span>\n\t\t\t\t\t\t\t\t\t\t\t\t<a class=\"elementor-toggle-title\" tabindex=\"0\">Empleo<\/a>\n\t\t\t\t\t<\/div>\n\n\t\t\t\t\t<div id=\"elementor-tab-content-9201\" class=\"elementor-tab-content elementor-clearfix\" data-tab=\"1\" role=\"region\" aria-labelledby=\"elementor-tab-title-9201\"><p><span style=\"font-weight: 400;\">Promovemos activamente las habilidades y las oportunidades de empleo para todos. Ayudamos a personas con capacidades especiales, v\u00edctimas de violencia de g\u00e9nero y de terrorismo, entre otros, a encontrar nuevos trabajos. Ofrecemos una amplia variedad de aprendizajes, apoyando a nuestra comunidad diversa o colaborando para crear opciones de empleo para grupos subrepresentados. Buscamos constantemente ofrecer a las personas oportunidades que enriquezcan la vida. <\/span><\/p>\n<\/div>\n\t\t\t\t<\/div>\n\t\t\t\t\t\t\t<div class=\"elementor-toggle-item\">\n\t\t\t\t\t<div id=\"elementor-tab-title-9202\" class=\"elementor-tab-title\" data-tab=\"2\" role=\"button\" aria-controls=\"elementor-tab-content-9202\" aria-expanded=\"false\">\n\t\t\t\t\t\t\t\t\t\t\t\t<span class=\"elementor-toggle-icon elementor-toggle-icon-right\" aria-hidden=\"true\">\n\t\t\t\t\t\t\t\t\t\t\t\t\t\t\t<span class=\"elementor-toggle-icon-closed\"><i class=\"fas fa-angle-down\"><\/i><\/span>\n\t\t\t\t\t\t\t\t<span class=\"elementor-toggle-icon-opened\"><i class=\"elementor-toggle-icon-opened fas fa-angle-up\"><\/i><\/span>\n\t\t\t\t\t\t\t\t\t\t\t\t\t<\/span>\n\t\t\t\t\t\t\t\t\t\t\t\t<a class=\"elementor-toggle-title\" tabindex=\"0\">Cadena de suministro responsable<\/a>\n\t\t\t\t\t<\/div>\n\n\t\t\t\t\t<div id=\"elementor-tab-content-9202\" class=\"elementor-tab-content elementor-clearfix\" data-tab=\"2\" role=\"region\" aria-labelledby=\"elementor-tab-title-9202\"><p><span style=\"font-weight: 400;\">Contamos con una cadena de suministro responsable que est\u00e1 capacitada en valor social y comprometida en la creaci\u00f3n de impactos sociales positivos en todas las \u00e1reas de negocio. Gracias a nuestra asociaci\u00f3n con Social Enterprise UK, tambi\u00e9n apoyamos a peque\u00f1as y medianas empresas y organizaciones voluntarias, comunitarias y de empresas sociales siempre que podemos.<\/span><\/p>\n<\/div>\n\t\t\t\t<\/div>\n\t\t\t\t\t\t\t<div class=\"elementor-toggle-item\">\n\t\t\t\t\t<div id=\"elementor-tab-title-9203\" class=\"elementor-tab-title\" data-tab=\"3\" role=\"button\" aria-controls=\"elementor-tab-content-9203\" aria-expanded=\"false\">\n\t\t\t\t\t\t\t\t\t\t\t\t<span class=\"elementor-toggle-icon elementor-toggle-icon-right\" aria-hidden=\"true\">\n\t\t\t\t\t\t\t\t\t\t\t\t\t\t\t<span class=\"elementor-toggle-icon-closed\"><i class=\"fas fa-angle-down\"><\/i><\/span>\n\t\t\t\t\t\t\t\t<span class=\"elementor-toggle-icon-opened\"><i class=\"elementor-toggle-icon-opened fas fa-angle-up\"><\/i><\/span>\n\t\t\t\t\t\t\t\t\t\t\t\t\t<\/span>\n\t\t\t\t\t\t\t\t\t\t\t\t<a class=\"elementor-toggle-title\" tabindex=\"0\">Comunidades<\/a>\n\t\t\t\t\t<\/div>\n\n\t\t\t\t\t<div id=\"elementor-tab-content-9203\" class=\"elementor-tab-content elementor-clearfix\" data-tab=\"3\" role=\"region\" aria-labelledby=\"elementor-tab-title-9203\"><p><span style=\"font-weight: 400;\">Somos una parte activa de las comunidades en las que trabajamos. Al mismo tiempo que nos esforzamos para cumplir con los compromisos de valor social que nos hemos propuesto, tambi\u00e9n ayudamos a nuestros clientes a cumplir con los suyos. Nos tomamos en serio los compromisos que asumimos, hacemos un seguimiento de los beneficios y buscamos mejorar siempre que podamos. Tambi\u00e9n nos comprometemos a ayudar a crear comunidades m\u00e1s seguras para nuestros clientes y vecinos.<\/span><\/p>\n<\/div>\n\t\t\t\t<\/div>\n\t\t\t\t\t\t\t<div class=\"elementor-toggle-item\">\n\t\t\t\t\t<div id=\"elementor-tab-title-9204\" class=\"elementor-tab-title\" data-tab=\"4\" role=\"button\" aria-controls=\"elementor-tab-content-9204\" aria-expanded=\"false\">\n\t\t\t\t\t\t\t\t\t\t\t\t<span class=\"elementor-toggle-icon elementor-toggle-icon-right\" aria-hidden=\"true\">\n\t\t\t\t\t\t\t\t\t\t\t\t\t\t\t<span class=\"elementor-toggle-icon-closed\"><i class=\"fas fa-angle-down\"><\/i><\/span>\n\t\t\t\t\t\t\t\t<span class=\"elementor-toggle-icon-opened\"><i class=\"elementor-toggle-icon-opened fas fa-angle-up\"><\/i><\/span>\n\t\t\t\t\t\t\t\t\t\t\t\t\t<\/span>\n\t\t\t\t\t\t\t\t\t\t\t\t<a class=\"elementor-toggle-title\" tabindex=\"0\">Medioambiente<\/a>\n\t\t\t\t\t<\/div>\n\n\t\t\t\t\t<div id=\"elementor-tab-content-9204\" class=\"elementor-tab-content elementor-clearfix\" data-tab=\"4\" role=\"region\" aria-labelledby=\"elementor-tab-title-9204\"><p><span style=\"font-weight: 400;\">Compramos de manera responsable, protegemos activamente el medio ambiente y creamos soluciones sostenibles a largo plazo. El cambio clim\u00e1tico es el mayor desaf\u00edo para la humanidad y creemos que es clave que toda nuestra gente comprenda nuestro impacto ambiental. La sostenibilidad es parte integral de nuestras operaciones, por lo que contamos con un Plan de Gesti\u00f3n de la Sostenibilidad que nos compara con los est\u00e1ndares de nuestros clientes y los nuestros propios.<\/span><\/p>\n<p><span style=\"font-weight: 400;\">Mitie Integra tiene un compromiso de &#8220;Plan Zero&#8221;, que consiste en alcanzar emisiones netas de carbono iguales a cero para 2025.<\/span><\/p>\n<p><span style=\"font-weight: 400;\">\u201cPlan Zero\u201d se centra en tres pilares clave, que engloban las \u00e1reas clave de impacto ambiental para nuestro negocio, con objetivos espec\u00edficos para:<\/span><\/p>\n<ul>\n<li style=\"font-weight: 400;\" aria-level=\"1\"><b><i>Eliminar<\/i><\/b><span style=\"font-weight: 400;\"> las emisiones de carbono de la energ\u00eda y el transporte.<\/span><\/li>\n<li style=\"font-weight: 400;\" aria-level=\"1\"><b><i>Erradicar<\/i><\/b><span style=\"font-weight: 400;\"> los residuos no sostenibles.<\/span><\/li>\n<li style=\"font-weight: 400;\" aria-level=\"1\"><b style=\"font-size: inherit; font-family: -apple-system, system-ui, BlinkMacSystemFont, 'Segoe UI', Helvetica, Arial, sans-serif, 'Apple Color Emoji', 'Segoe UI Emoji', 'Segoe UI Symbol';\"><i>Millorar<\/i><\/b><span style=\"font-weight: 400;\"> los edificios ineficientes para cumplir con los m\u00e1s altos est\u00e1ndares ambientales.<\/span><\/li>\n<\/ul>\n<\/div>\n\t\t\t\t<\/div>\n\t\t\t\t\t\t\t<div class=\"elementor-toggle-item\">\n\t\t\t\t\t<div id=\"elementor-tab-title-9205\" class=\"elementor-tab-title\" data-tab=\"5\" role=\"button\" aria-controls=\"elementor-tab-content-9205\" aria-expanded=\"false\">\n\t\t\t\t\t\t\t\t\t\t\t\t<span class=\"elementor-toggle-icon elementor-toggle-icon-right\" aria-hidden=\"true\">\n\t\t\t\t\t\t\t\t\t\t\t\t\t\t\t<span class=\"elementor-toggle-icon-closed\"><i class=\"fas fa-angle-down\"><\/i><\/span>\n\t\t\t\t\t\t\t\t<span class=\"elementor-toggle-icon-opened\"><i class=\"elementor-toggle-icon-opened fas fa-angle-up\"><\/i><\/span>\n\t\t\t\t\t\t\t\t\t\t\t\t\t<\/span>\n\t\t\t\t\t\t\t\t\t\t\t\t<a class=\"elementor-toggle-title\" tabindex=\"0\">Innovaci\u00f3n<\/a>\n\t\t\t\t\t<\/div>\n\n\t\t\t\t\t<div id=\"elementor-tab-content-9205\" class=\"elementor-tab-content elementor-clearfix\" data-tab=\"5\" role=\"region\" aria-labelledby=\"elementor-tab-title-9205\"><p><span style=\"font-weight: 400;\">Promovemos nuevas ideas y encontramos soluciones innovadoras a viejos problemas mediante el despliegue de nuestra tecnolog\u00eda moderna, desarrollada junto a nuestros clientes y comunidades. Tambi\u00e9n nos comprometemos a encontrar nuevas formas de generar valor social a trav\u00e9s de la innovaci\u00f3n y nuevas ideas.<\/span><\/p>\n<\/div>\n\t\t\t\t<\/div>\n\t\t\t\t\t\t\t\t<\/div>\n\t\t\t\t\t\t<\/div>\n\t\t\t\t<\/div>\n\t\t\t\t\t<\/div>\n\t\t\t\t<\/div>\n\t\t\t\t<\/div>\n\t\t","protected":false},"excerpt":{"rendered":"<p>Como empresa responsable que abraza los Objetivos de Desarrollo Sostenible de la ONU, buscamos desbloquear el valor social que crea impactos econ\u00f3micos, ambientales y sociales positivos. Nuestra determinaci\u00f3n asegura que cumplimos con nuestro papel de prestar servicios excepcionales, todos los d\u00edas, para nuestros clientes, nuestra gente, las comunidades que apoyamos y el mundo en el &#8230; <a title=\"Valor social y Negocio Responsable\" class=\"read-more\" href=\"https:\/\/mitieintegra.cat\/es\/valor-social-y-negocio-responsable\/\" aria-label=\"Read more about Valor social y Negocio Responsable\">Read more<\/a><\/p>\n","protected":false},"author":1,"featured_media":0,"parent":0,"menu_order":0,"comment_status":"closed","ping_status":"closed","template":"elementor_header_footer","meta":{"_acf_changed":false,"footnotes":""},"class_list":["post-737","page","type-page","status-publish"],"acf":[],"yoast_head":"<!-- This site is optimized with the Yoast SEO plugin v27.4 - https:\/\/yoast.com\/product\/yoast-seo-wordpress\/ -->\n<title>Valor social y Negocio Responsable - Mitie Integra<\/title>\n<meta name=\"robots\" content=\"index, follow, max-snippet:-1, max-image-preview:large, max-video-preview:-1\" \/>\n<link rel=\"canonical\" href=\"https:\/\/mitieintegra.cat\/es\/valor-social-y-negocio-responsable\/\" \/>\n<meta property=\"og:locale\" content=\"es_ES\" \/>\n<meta property=\"og:type\" content=\"article\" \/>\n<meta property=\"og:title\" content=\"Valor social y Negocio Responsable - Mitie Integra\" \/>\n<meta property=\"og:description\" content=\"Como empresa responsable que abraza los Objetivos de Desarrollo Sostenible de la ONU, buscamos desbloquear el valor social que crea impactos econ\u00f3micos, ambientales y sociales positivos. Nuestra determinaci\u00f3n asegura que cumplimos con nuestro papel de prestar servicios excepcionales, todos los d\u00edas, para nuestros clientes, nuestra gente, las comunidades que apoyamos y el mundo en el ... Read more\" \/>\n<meta property=\"og:url\" content=\"https:\/\/mitieintegra.cat\/es\/valor-social-y-negocio-responsable\/\" \/>\n<meta property=\"og:site_name\" content=\"Mitie Integra\" \/>\n<meta property=\"article:modified_time\" content=\"2022-12-15T00:46:16+00:00\" \/>\n<meta name=\"twitter:card\" content=\"summary_large_image\" \/>\n<meta name=\"twitter:label1\" content=\"Est. reading time\" \/>\n\t<meta name=\"twitter:data1\" content=\"3 minutes\" \/>\n<script type=\"application\/ld+json\" class=\"yoast-schema-graph\">{\"@context\":\"https:\\\/\\\/schema.org\",\"@graph\":[{\"@type\":\"WebPage\",\"@id\":\"https:\\\/\\\/mitieintegra.cat\\\/es\\\/valor-social-y-negocio-responsable\\\/\",\"url\":\"https:\\\/\\\/mitieintegra.cat\\\/es\\\/valor-social-y-negocio-responsable\\\/\",\"name\":\"Valor social y Negocio Responsable - Mitie Integra\",\"isPartOf\":{\"@id\":\"https:\\\/\\\/mitieintegra.cat\\\/#website\"},\"datePublished\":\"2022-12-11T22:59:44+00:00\",\"dateModified\":\"2022-12-15T00:46:16+00:00\",\"breadcrumb\":{\"@id\":\"https:\\\/\\\/mitieintegra.cat\\\/es\\\/valor-social-y-negocio-responsable\\\/#breadcrumb\"},\"inLanguage\":\"es-ES\",\"potentialAction\":[{\"@type\":\"ReadAction\",\"target\":[\"https:\\\/\\\/mitieintegra.cat\\\/es\\\/valor-social-y-negocio-responsable\\\/\"]}]},{\"@type\":\"BreadcrumbList\",\"@id\":\"https:\\\/\\\/mitieintegra.cat\\\/es\\\/valor-social-y-negocio-responsable\\\/#breadcrumb\",\"itemListElement\":[{\"@type\":\"ListItem\",\"position\":1,\"name\":\"Inici\",\"item\":\"https:\\\/\\\/mitieintegra.cat\\\/es\\\/\"},{\"@type\":\"ListItem\",\"position\":2,\"name\":\"Valor social y Negocio Responsable\"}]},{\"@type\":\"WebSite\",\"@id\":\"https:\\\/\\\/mitieintegra.cat\\\/#website\",\"url\":\"https:\\\/\\\/mitieintegra.cat\\\/\",\"name\":\"Mitie Integra\",\"description\":\"\",\"publisher\":{\"@id\":\"https:\\\/\\\/mitieintegra.cat\\\/#organization\"},\"potentialAction\":[{\"@type\":\"SearchAction\",\"target\":{\"@type\":\"EntryPoint\",\"urlTemplate\":\"https:\\\/\\\/mitieintegra.cat\\\/?s={search_term_string}\"},\"query-input\":{\"@type\":\"PropertyValueSpecification\",\"valueRequired\":true,\"valueName\":\"search_term_string\"}}],\"inLanguage\":\"es-ES\"},{\"@type\":\"Organization\",\"@id\":\"https:\\\/\\\/mitieintegra.cat\\\/#organization\",\"name\":\"Mitie Integra\",\"url\":\"https:\\\/\\\/mitieintegra.cat\\\/\",\"logo\":{\"@type\":\"ImageObject\",\"inLanguage\":\"es-ES\",\"@id\":\"https:\\\/\\\/mitieintegra.cat\\\/#\\\/schema\\\/logo\\\/image\\\/\",\"url\":\"https:\\\/\\\/mitieintegra.cat\\\/wp-content\\\/uploads\\\/2022\\\/12\\\/cropped-Logo-Mitie.png\",\"contentUrl\":\"https:\\\/\\\/mitieintegra.cat\\\/wp-content\\\/uploads\\\/2022\\\/12\\\/cropped-Logo-Mitie.png\",\"width\":259,\"height\":35,\"caption\":\"Mitie Integra\"},\"image\":{\"@id\":\"https:\\\/\\\/mitieintegra.cat\\\/#\\\/schema\\\/logo\\\/image\\\/\"}}]}<\/script>\n<!-- \/ Yoast SEO plugin. -->","yoast_head_json":{"title":"Valor social y Negocio Responsable - Mitie Integra","robots":{"index":"index","follow":"follow","max-snippet":"max-snippet:-1","max-image-preview":"max-image-preview:large","max-video-preview":"max-video-preview:-1"},"canonical":"https:\/\/mitieintegra.cat\/es\/valor-social-y-negocio-responsable\/","og_locale":"es_ES","og_type":"article","og_title":"Valor social y Negocio Responsable - Mitie Integra","og_description":"Como empresa responsable que abraza los Objetivos de Desarrollo Sostenible de la ONU, buscamos desbloquear el valor social que crea impactos econ\u00f3micos, ambientales y sociales positivos. Nuestra determinaci\u00f3n asegura que cumplimos con nuestro papel de prestar servicios excepcionales, todos los d\u00edas, para nuestros clientes, nuestra gente, las comunidades que apoyamos y el mundo en el ... Read more","og_url":"https:\/\/mitieintegra.cat\/es\/valor-social-y-negocio-responsable\/","og_site_name":"Mitie Integra","article_modified_time":"2022-12-15T00:46:16+00:00","twitter_card":"summary_large_image","twitter_misc":{"Est. reading time":"3 minutes"},"schema":{"@context":"https:\/\/schema.org","@graph":[{"@type":"WebPage","@id":"https:\/\/mitieintegra.cat\/es\/valor-social-y-negocio-responsable\/","url":"https:\/\/mitieintegra.cat\/es\/valor-social-y-negocio-responsable\/","name":"Valor social y Negocio Responsable - Mitie Integra","isPartOf":{"@id":"https:\/\/mitieintegra.cat\/#website"},"datePublished":"2022-12-11T22:59:44+00:00","dateModified":"2022-12-15T00:46:16+00:00","breadcrumb":{"@id":"https:\/\/mitieintegra.cat\/es\/valor-social-y-negocio-responsable\/#breadcrumb"},"inLanguage":"es-ES","potentialAction":[{"@type":"ReadAction","target":["https:\/\/mitieintegra.cat\/es\/valor-social-y-negocio-responsable\/"]}]},{"@type":"BreadcrumbList","@id":"https:\/\/mitieintegra.cat\/es\/valor-social-y-negocio-responsable\/#breadcrumb","itemListElement":[{"@type":"ListItem","position":1,"name":"Inici","item":"https:\/\/mitieintegra.cat\/es\/"},{"@type":"ListItem","position":2,"name":"Valor social y Negocio Responsable"}]},{"@type":"WebSite","@id":"https:\/\/mitieintegra.cat\/#website","url":"https:\/\/mitieintegra.cat\/","name":"Mitie Integra","description":"","publisher":{"@id":"https:\/\/mitieintegra.cat\/#organization"},"potentialAction":[{"@type":"SearchAction","target":{"@type":"EntryPoint","urlTemplate":"https:\/\/mitieintegra.cat\/?s={search_term_string}"},"query-input":{"@type":"PropertyValueSpecification","valueRequired":true,"valueName":"search_term_string"}}],"inLanguage":"es-ES"},{"@type":"Organization","@id":"https:\/\/mitieintegra.cat\/#organization","name":"Mitie Integra","url":"https:\/\/mitieintegra.cat\/","logo":{"@type":"ImageObject","inLanguage":"es-ES","@id":"https:\/\/mitieintegra.cat\/#\/schema\/logo\/image\/","url":"https:\/\/mitieintegra.cat\/wp-content\/uploads\/2022\/12\/cropped-Logo-Mitie.png","contentUrl":"https:\/\/mitieintegra.cat\/wp-content\/uploads\/2022\/12\/cropped-Logo-Mitie.png","width":259,"height":35,"caption":"Mitie Integra"},"image":{"@id":"https:\/\/mitieintegra.cat\/#\/schema\/logo\/image\/"}}]}},"_links":{"self":[{"href":"https:\/\/mitieintegra.cat\/es\/wp-json\/wp\/v2\/pages\/737","targetHints":{"allow":["GET"]}}],"collection":[{"href":"https:\/\/mitieintegra.cat\/es\/wp-json\/wp\/v2\/pages"}],"about":[{"href":"https:\/\/mitieintegra.cat\/es\/wp-json\/wp\/v2\/types\/page"}],"author":[{"embeddable":true,"href":"https:\/\/mitieintegra.cat\/es\/wp-json\/wp\/v2\/users\/1"}],"replies":[{"embeddable":true,"href":"https:\/\/mitieintegra.cat\/es\/wp-json\/wp\/v2\/comments?post=737"}],"version-history":[{"count":0,"href":"https:\/\/mitieintegra.cat\/es\/wp-json\/wp\/v2\/pages\/737\/revisions"}],"wp:attachment":[{"href":"https:\/\/mitieintegra.cat\/es\/wp-json\/wp\/v2\/media?parent=737"}],"curies":[{"name":"wp","href":"https:\/\/api.w.org\/{rel}","templated":true}]}}