{"id":830,"date":"2022-12-14T23:49:29","date_gmt":"2022-12-14T22:49:29","guid":{"rendered":"http:\/\/localhost\/mitieintegra.com\/accesibilidad\/"},"modified":"2022-12-15T01:05:50","modified_gmt":"2022-12-15T00:05:50","slug":"accesibilidad","status":"publish","type":"page","link":"https:\/\/mitieintegra.cat\/es\/accesibilidad\/","title":{"rendered":"Accesibilidad"},"content":{"rendered":"\t\t<div data-elementor-type=\"wp-page\" data-elementor-id=\"830\" class=\"elementor elementor-830 elementor-790\" data-elementor-post-type=\"page\">\n\t\t\t\t<div class=\"elementor-element elementor-element-518788b e-con-full e-flex e-con e-parent\" data-id=\"518788b\" data-element_type=\"container\" data-e-type=\"container\">\n\t\t\t\t<div class=\"elementor-element elementor-element-e7cb260 elementor-widget elementor-widget-template\" data-id=\"e7cb260\" data-element_type=\"widget\" data-e-type=\"widget\" data-widget_type=\"template.default\">\n\t\t\t\t<div class=\"elementor-widget-container\">\n\t\t\t\t\t\t\t<div class=\"elementor-template\">\n\t\t\t\t\t<div data-elementor-type=\"section\" data-elementor-id=\"17\" class=\"elementor elementor-17\" data-elementor-post-type=\"elementor_library\">\n\t\t\t<div class=\"elementor-element elementor-element-39db314 e-con-full e-flex e-con e-parent\" data-id=\"39db314\" data-element_type=\"container\" data-e-type=\"container\" data-settings=\"{&quot;background_background&quot;:&quot;classic&quot;}\">\n\t\t<div class=\"elementor-element elementor-element-f4086ff tittle e-flex e-con-boxed e-con e-child\" data-id=\"f4086ff\" data-element_type=\"container\" data-e-type=\"container\">\n\t\t\t\t\t<div class=\"e-con-inner\">\n\t\t\t\t\t<\/div>\n\t\t\t\t<\/div>\n\t\t\t\t<\/div>\n\t\t\t\t<\/div>\n\t\t\t\t<\/div>\n\t\t\t\t\t\t<\/div>\n\t\t\t\t<\/div>\n\t\t\t\t<\/div>\n\t\t<div class=\"elementor-element elementor-element-021b05b e-flex e-con-boxed e-con e-parent\" data-id=\"021b05b\" data-element_type=\"container\" data-e-type=\"container\">\n\t\t\t\t\t<div class=\"e-con-inner\">\n\t\t<div class=\"elementor-element elementor-element-509e72d e-flex e-con-boxed e-con e-parent\" data-id=\"509e72d\" data-element_type=\"container\" data-e-type=\"container\">\n\t\t\t\t\t<div class=\"e-con-inner\">\n\t\t\t\t<div class=\"elementor-element elementor-element-5df78ae elementor-widget elementor-widget-text-editor\" data-id=\"5df78ae\" data-element_type=\"widget\" data-e-type=\"widget\" data-widget_type=\"text-editor.default\">\n\t\t\t\t<div class=\"elementor-widget-container\">\n\t\t\t\t\t\t\t\t\t<p><span style=\"font-weight: 400;\">Nos comprometemos a que nuestro sitio web y el material proporcionado en \u00e9l sean lo m\u00e1s accesibles posible. Si tiene problemas para acceder a la informaci\u00f3n de nuestro sitio web, p\u00f3ngase en contacto con <\/span><span style=\"font-weight: 400;\">mitieintegracet@mitie.com<\/span><span style=\"font-weight: 400;\"> .<\/span><\/p>\n<p><span style=\"font-weight: 400;\">Cambiar el tama\u00f1o del texto &#8211; puede cambiar la configuraci\u00f3n del tama\u00f1o del texto mediante su navegador:<\/span><\/p>\n<ul>\n<li style=\"font-weight: 400;\" aria-level=\"1\"><span style=\"font-weight: 400;\">Chrome: ampl\u00ede la p\u00e1gina con Ctrl + y Ctrl-<\/span><\/li>\n<li style=\"font-weight: 400;\" aria-level=\"1\"><span style=\"font-weight: 400;\">Internet Explorer: haga clic en el men\u00fa Ver y seleccione Tama\u00f1o del texto<\/span><\/li>\n<li style=\"font-weight: 400;\" aria-level=\"1\"><span style=\"font-weight: 400;\">Firefox: haga clic en el men\u00fa Ver y seleccione Zoom, despu\u00e9s Acercar o alejar<\/span><\/li>\n<li style=\"font-weight: 400;\" aria-level=\"1\"><span style=\"font-weight: 400;\">Windows: ampl\u00ede la p\u00e1gina con Ctrl + y Ctrl-<\/span><\/li>\n<li style=\"font-weight: 400;\" aria-level=\"1\"><span style=\"font-weight: 400;\">Mac: haz zoom en la p\u00e1gina usando Comando + y Comando-<\/span><\/li>\n<\/ul>\n<p><span style=\"font-weight: 400;\">Cambio de colores &#8211; puede ajustar la configuraci\u00f3n de su navegador a fin de utilizar sus colores de primer plano y de fondos favoritos.<\/span><\/p>\n\t\t\t\t\t\t\t\t<\/div>\n\t\t\t\t<\/div>\n\t\t\t\t\t<\/div>\n\t\t\t\t<\/div>\n\t\t\t\t\t<\/div>\n\t\t\t\t<\/div>\n\t\t\t\t<\/div>\n\t\t","protected":false},"excerpt":{"rendered":"<p>Nos comprometemos a que nuestro sitio web y el material proporcionado en \u00e9l sean lo m\u00e1s accesibles posible. Si tiene problemas para acceder a la informaci\u00f3n de nuestro sitio web, p\u00f3ngase en contacto con mitieintegracet@mitie.com . Cambiar el tama\u00f1o del texto &#8211; puede cambiar la configuraci\u00f3n del tama\u00f1o del texto mediante su navegador: Chrome: ampl\u00ede &#8230; <a title=\"Accesibilidad\" class=\"read-more\" href=\"https:\/\/mitieintegra.cat\/es\/accesibilidad\/\" aria-label=\"Read more about Accesibilidad\">Read more<\/a><\/p>\n","protected":false},"author":1,"featured_media":0,"parent":0,"menu_order":0,"comment_status":"closed","ping_status":"closed","template":"elementor_header_footer","meta":{"_acf_changed":false,"footnotes":""},"class_list":["post-830","page","type-page","status-publish"],"acf":[],"yoast_head":"<!-- This site is optimized with the Yoast SEO plugin v27.5 - https:\/\/yoast.com\/product\/yoast-seo-wordpress\/ -->\n<title>Accesibilidad - Mitie Integra<\/title>\n<meta name=\"robots\" content=\"index, follow, max-snippet:-1, max-image-preview:large, max-video-preview:-1\" \/>\n<link rel=\"canonical\" href=\"https:\/\/mitieintegra.cat\/es\/accesibilidad\/\" \/>\n<meta property=\"og:locale\" content=\"es_ES\" \/>\n<meta property=\"og:type\" content=\"article\" \/>\n<meta property=\"og:title\" content=\"Accesibilidad - Mitie Integra\" \/>\n<meta property=\"og:description\" content=\"Nos comprometemos a que nuestro sitio web y el material proporcionado en \u00e9l sean lo m\u00e1s accesibles posible. Si tiene problemas para acceder a la informaci\u00f3n de nuestro sitio web, p\u00f3ngase en contacto con mitieintegracet@mitie.com . Cambiar el tama\u00f1o del texto &#8211; puede cambiar la configuraci\u00f3n del tama\u00f1o del texto mediante su navegador: Chrome: ampl\u00ede ... Read more\" \/>\n<meta property=\"og:url\" content=\"https:\/\/mitieintegra.cat\/es\/accesibilidad\/\" \/>\n<meta property=\"og:site_name\" content=\"Mitie Integra\" \/>\n<meta property=\"article:modified_time\" content=\"2022-12-15T00:05:50+00:00\" \/>\n<meta name=\"twitter:card\" content=\"summary_large_image\" \/>\n<meta name=\"twitter:label1\" content=\"Est. reading time\" \/>\n\t<meta name=\"twitter:data1\" content=\"1 minute\" \/>\n<script type=\"application\/ld+json\" class=\"yoast-schema-graph\">{\"@context\":\"https:\\\/\\\/schema.org\",\"@graph\":[{\"@type\":\"WebPage\",\"@id\":\"https:\\\/\\\/mitieintegra.cat\\\/es\\\/accesibilidad\\\/\",\"url\":\"https:\\\/\\\/mitieintegra.cat\\\/es\\\/accesibilidad\\\/\",\"name\":\"Accesibilidad - Mitie Integra\",\"isPartOf\":{\"@id\":\"https:\\\/\\\/mitieintegra.cat\\\/#website\"},\"datePublished\":\"2022-12-14T22:49:29+00:00\",\"dateModified\":\"2022-12-15T00:05:50+00:00\",\"breadcrumb\":{\"@id\":\"https:\\\/\\\/mitieintegra.cat\\\/es\\\/accesibilidad\\\/#breadcrumb\"},\"inLanguage\":\"es-ES\",\"potentialAction\":[{\"@type\":\"ReadAction\",\"target\":[\"https:\\\/\\\/mitieintegra.cat\\\/es\\\/accesibilidad\\\/\"]}]},{\"@type\":\"BreadcrumbList\",\"@id\":\"https:\\\/\\\/mitieintegra.cat\\\/es\\\/accesibilidad\\\/#breadcrumb\",\"itemListElement\":[{\"@type\":\"ListItem\",\"position\":1,\"name\":\"Inici\",\"item\":\"https:\\\/\\\/mitieintegra.cat\\\/es\\\/\"},{\"@type\":\"ListItem\",\"position\":2,\"name\":\"Accesibilidad\"}]},{\"@type\":\"WebSite\",\"@id\":\"https:\\\/\\\/mitieintegra.cat\\\/#website\",\"url\":\"https:\\\/\\\/mitieintegra.cat\\\/\",\"name\":\"Mitie Integra\",\"description\":\"\",\"publisher\":{\"@id\":\"https:\\\/\\\/mitieintegra.cat\\\/#organization\"},\"potentialAction\":[{\"@type\":\"SearchAction\",\"target\":{\"@type\":\"EntryPoint\",\"urlTemplate\":\"https:\\\/\\\/mitieintegra.cat\\\/?s={search_term_string}\"},\"query-input\":{\"@type\":\"PropertyValueSpecification\",\"valueRequired\":true,\"valueName\":\"search_term_string\"}}],\"inLanguage\":\"es-ES\"},{\"@type\":\"Organization\",\"@id\":\"https:\\\/\\\/mitieintegra.cat\\\/#organization\",\"name\":\"Mitie Integra\",\"url\":\"https:\\\/\\\/mitieintegra.cat\\\/\",\"logo\":{\"@type\":\"ImageObject\",\"inLanguage\":\"es-ES\",\"@id\":\"https:\\\/\\\/mitieintegra.cat\\\/#\\\/schema\\\/logo\\\/image\\\/\",\"url\":\"https:\\\/\\\/mitieintegra.cat\\\/wp-content\\\/uploads\\\/2022\\\/12\\\/cropped-Logo-Mitie.png\",\"contentUrl\":\"https:\\\/\\\/mitieintegra.cat\\\/wp-content\\\/uploads\\\/2022\\\/12\\\/cropped-Logo-Mitie.png\",\"width\":259,\"height\":35,\"caption\":\"Mitie Integra\"},\"image\":{\"@id\":\"https:\\\/\\\/mitieintegra.cat\\\/#\\\/schema\\\/logo\\\/image\\\/\"}}]}<\/script>\n<!-- \/ Yoast SEO plugin. -->","yoast_head_json":{"title":"Accesibilidad - Mitie Integra","robots":{"index":"index","follow":"follow","max-snippet":"max-snippet:-1","max-image-preview":"max-image-preview:large","max-video-preview":"max-video-preview:-1"},"canonical":"https:\/\/mitieintegra.cat\/es\/accesibilidad\/","og_locale":"es_ES","og_type":"article","og_title":"Accesibilidad - Mitie Integra","og_description":"Nos comprometemos a que nuestro sitio web y el material proporcionado en \u00e9l sean lo m\u00e1s accesibles posible. Si tiene problemas para acceder a la informaci\u00f3n de nuestro sitio web, p\u00f3ngase en contacto con mitieintegracet@mitie.com . Cambiar el tama\u00f1o del texto &#8211; puede cambiar la configuraci\u00f3n del tama\u00f1o del texto mediante su navegador: Chrome: ampl\u00ede ... Read more","og_url":"https:\/\/mitieintegra.cat\/es\/accesibilidad\/","og_site_name":"Mitie Integra","article_modified_time":"2022-12-15T00:05:50+00:00","twitter_card":"summary_large_image","twitter_misc":{"Est. reading time":"1 minute"},"schema":{"@context":"https:\/\/schema.org","@graph":[{"@type":"WebPage","@id":"https:\/\/mitieintegra.cat\/es\/accesibilidad\/","url":"https:\/\/mitieintegra.cat\/es\/accesibilidad\/","name":"Accesibilidad - Mitie Integra","isPartOf":{"@id":"https:\/\/mitieintegra.cat\/#website"},"datePublished":"2022-12-14T22:49:29+00:00","dateModified":"2022-12-15T00:05:50+00:00","breadcrumb":{"@id":"https:\/\/mitieintegra.cat\/es\/accesibilidad\/#breadcrumb"},"inLanguage":"es-ES","potentialAction":[{"@type":"ReadAction","target":["https:\/\/mitieintegra.cat\/es\/accesibilidad\/"]}]},{"@type":"BreadcrumbList","@id":"https:\/\/mitieintegra.cat\/es\/accesibilidad\/#breadcrumb","itemListElement":[{"@type":"ListItem","position":1,"name":"Inici","item":"https:\/\/mitieintegra.cat\/es\/"},{"@type":"ListItem","position":2,"name":"Accesibilidad"}]},{"@type":"WebSite","@id":"https:\/\/mitieintegra.cat\/#website","url":"https:\/\/mitieintegra.cat\/","name":"Mitie Integra","description":"","publisher":{"@id":"https:\/\/mitieintegra.cat\/#organization"},"potentialAction":[{"@type":"SearchAction","target":{"@type":"EntryPoint","urlTemplate":"https:\/\/mitieintegra.cat\/?s={search_term_string}"},"query-input":{"@type":"PropertyValueSpecification","valueRequired":true,"valueName":"search_term_string"}}],"inLanguage":"es-ES"},{"@type":"Organization","@id":"https:\/\/mitieintegra.cat\/#organization","name":"Mitie Integra","url":"https:\/\/mitieintegra.cat\/","logo":{"@type":"ImageObject","inLanguage":"es-ES","@id":"https:\/\/mitieintegra.cat\/#\/schema\/logo\/image\/","url":"https:\/\/mitieintegra.cat\/wp-content\/uploads\/2022\/12\/cropped-Logo-Mitie.png","contentUrl":"https:\/\/mitieintegra.cat\/wp-content\/uploads\/2022\/12\/cropped-Logo-Mitie.png","width":259,"height":35,"caption":"Mitie Integra"},"image":{"@id":"https:\/\/mitieintegra.cat\/#\/schema\/logo\/image\/"}}]}},"_links":{"self":[{"href":"https:\/\/mitieintegra.cat\/es\/wp-json\/wp\/v2\/pages\/830","targetHints":{"allow":["GET"]}}],"collection":[{"href":"https:\/\/mitieintegra.cat\/es\/wp-json\/wp\/v2\/pages"}],"about":[{"href":"https:\/\/mitieintegra.cat\/es\/wp-json\/wp\/v2\/types\/page"}],"author":[{"embeddable":true,"href":"https:\/\/mitieintegra.cat\/es\/wp-json\/wp\/v2\/users\/1"}],"replies":[{"embeddable":true,"href":"https:\/\/mitieintegra.cat\/es\/wp-json\/wp\/v2\/comments?post=830"}],"version-history":[{"count":0,"href":"https:\/\/mitieintegra.cat\/es\/wp-json\/wp\/v2\/pages\/830\/revisions"}],"wp:attachment":[{"href":"https:\/\/mitieintegra.cat\/es\/wp-json\/wp\/v2\/media?parent=830"}],"curies":[{"name":"wp","href":"https:\/\/api.w.org\/{rel}","templated":true}]}}